{"id":103,"date":"2023-09-19T12:20:43","date_gmt":"2023-09-19T10:20:43","guid":{"rendered":"https:\/\/www.trailblancdusemnoz.fr\/?page_id=103"},"modified":"2025-08-11T17:47:17","modified_gmt":"2025-08-11T15:47:17","slug":"la-course","status":"publish","type":"page","link":"https:\/\/www.trailblancdusemnoz.fr\/index.php\/la-course\/","title":{"rendered":"LA COURSE"},"content":{"rendered":"\t\t<div data-elementor-type=\"wp-page\" data-elementor-id=\"103\" class=\"elementor elementor-103\" data-elementor-post-type=\"page\">\n\t\t\t\t<div class=\"elementor-element elementor-element-4738f9d6 e-flex e-con-boxed e-con e-parent\" data-id=\"4738f9d6\" data-element_type=\"container\" data-e-type=\"container\" data-settings=\"{&quot;background_background&quot;:&quot;classic&quot;}\">\n\t\t\t\t\t<div class=\"e-con-inner\">\n\t\t\t\t\t<\/div>\n\t\t\t\t<\/div>\n\t\t<div class=\"elementor-element elementor-element-597815c e-flex e-con-boxed e-con e-parent\" data-id=\"597815c\" data-element_type=\"container\" data-e-type=\"container\">\n\t\t\t\t\t<div class=\"e-con-inner\">\n\t\t\t\t<div class=\"elementor-element elementor-element-ea1f54b elementor-widget elementor-widget-spacer\" data-id=\"ea1f54b\" data-element_type=\"widget\" data-e-type=\"widget\" data-widget_type=\"spacer.default\">\n\t\t\t\t<div class=\"elementor-widget-container\">\n\t\t\t\t\t\t\t<div class=\"elementor-spacer\">\n\t\t\t<div class=\"elementor-spacer-inner\"><\/div>\n\t\t<\/div>\n\t\t\t\t\t\t<\/div>\n\t\t\t\t<\/div>\n\t\t\t\t\t<\/div>\n\t\t\t\t<\/div>\n\t\t<div class=\"elementor-element elementor-element-28a5da6 e-flex e-con-boxed e-con e-parent\" data-id=\"28a5da6\" data-element_type=\"container\" data-e-type=\"container\">\n\t\t\t\t\t<div class=\"e-con-inner\">\n\t\t\t\t<div class=\"elementor-element elementor-element-57a076b elementor-view-default elementor-widget elementor-widget-icon\" data-id=\"57a076b\" data-element_type=\"widget\" data-e-type=\"widget\" data-widget_type=\"icon.default\">\n\t\t\t\t<div class=\"elementor-widget-container\">\n\t\t\t\t\t\t\t<div class=\"elementor-icon-wrapper\">\n\t\t\t<a class=\"elementor-icon elementor-animation-float\" href=\"https:\/\/www.trailblancdusemnoz.fr\/\">\n\t\t\t<i aria-hidden=\"true\" class=\"fas fa-angle-left\"><\/i>\t\t\t<\/a>\n\t\t<\/div>\n\t\t\t\t\t\t<\/div>\n\t\t\t\t<\/div>\n\t\t\t\t\t<\/div>\n\t\t\t\t<\/div>\n\t\t<div class=\"elementor-element elementor-element-8f8cc56 e-flex e-con-boxed e-con e-parent\" data-id=\"8f8cc56\" data-element_type=\"container\" data-e-type=\"container\">\n\t\t\t\t\t<div class=\"e-con-inner\">\n\t\t<div class=\"elementor-element elementor-element-1ad649f e-con-full e-flex e-con e-child\" data-id=\"1ad649f\" data-element_type=\"container\" data-e-type=\"container\">\n\t\t\t\t<div class=\"elementor-element elementor-element-95141f1 elementor-widget elementor-widget-heading\" data-id=\"95141f1\" data-element_type=\"widget\" data-e-type=\"widget\" data-widget_type=\"heading.default\">\n\t\t\t\t<div class=\"elementor-widget-container\">\n\t\t\t\t\t<h2 class=\"elementor-heading-title elementor-size-default\">LA COURSE<\/h2>\t\t\t\t<\/div>\n\t\t\t\t<\/div>\n\t\t\t\t<div class=\"elementor-element elementor-element-834a700 elementor-widget elementor-widget-spacer\" data-id=\"834a700\" data-element_type=\"widget\" data-e-type=\"widget\" data-widget_type=\"spacer.default\">\n\t\t\t\t<div class=\"elementor-widget-container\">\n\t\t\t\t\t\t\t<div class=\"elementor-spacer\">\n\t\t\t<div class=\"elementor-spacer-inner\"><\/div>\n\t\t<\/div>\n\t\t\t\t\t\t<\/div>\n\t\t\t\t<\/div>\n\t\t\t\t<div class=\"elementor-element elementor-element-d7ea9e5 elementor-widget elementor-widget-heading\" data-id=\"d7ea9e5\" data-element_type=\"widget\" data-e-type=\"widget\" data-widget_type=\"heading.default\">\n\t\t\t\t<div class=\"elementor-widget-container\">\n\t\t\t\t\t<h2 class=\"elementor-heading-title elementor-size-default\">Le samedi 31 janvier 2026 \u00e0 17h30 la station du Semnoz se met en \u00ab mode Trail Blanc \u00bb en vous permettant de d\u00e9couvrir le coucher du soleil en parcourant le plateau sommital de la montagne du Semnoz et sa vue panoramique sur le Mont-Blanc et les massifs alpins.<\/h2>\t\t\t\t<\/div>\n\t\t\t\t<\/div>\n\t\t\t\t<div class=\"elementor-element elementor-element-3f47e16 elementor-widget elementor-widget-heading\" data-id=\"3f47e16\" data-element_type=\"widget\" data-e-type=\"widget\" data-widget_type=\"heading.default\">\n\t\t\t\t<div class=\"elementor-widget-container\">\n\t\t\t\t\t<h2 class=\"elementor-heading-title elementor-size-default\">PARCOURS SUR LA STATION DU SEMNOZ\n<br>\nRECONNAISSANCE INTERDITE\n<br>PARCOURS NON ACCESSIBLE\n<\/h2>\t\t\t\t<\/div>\n\t\t\t\t<\/div>\n\t\t\t\t<div class=\"elementor-element elementor-element-e5a7f1f elementor-widget elementor-widget-heading\" data-id=\"e5a7f1f\" data-element_type=\"widget\" data-e-type=\"widget\" data-widget_type=\"heading.default\">\n\t\t\t\t<div class=\"elementor-widget-container\">\n\t\t\t\t\t<h2 class=\"elementor-heading-title elementor-size-default\">Caract\u00e9ristiques : Course nocturne sur neige \/ Lampe Frontale obligatoire\n(en fonction des conditions de neige et m\u00e9t\u00e9o, l\u2019organisation se r\u00e9serve le droit de modifier le parcours)<br><\/h2>\t\t\t\t<\/div>\n\t\t\t\t<\/div>\n\t\t\t\t<\/div>\n\t\t<div class=\"elementor-element elementor-element-fe8f22d e-con-full e-flex e-con e-child\" data-id=\"fe8f22d\" data-element_type=\"container\" data-e-type=\"container\">\n\t\t<div class=\"elementor-element elementor-element-1903b8de e-con-full e-flex e-con e-child\" data-id=\"1903b8de\" data-element_type=\"container\" data-e-type=\"container\" data-settings=\"{&quot;background_background&quot;:&quot;classic&quot;}\">\n\t\t\t\t<div class=\"elementor-element elementor-element-14df74b elementor-widget elementor-widget-heading\" data-id=\"14df74b\" data-element_type=\"widget\" data-e-type=\"widget\" data-widget_type=\"heading.default\">\n\t\t\t\t<div class=\"elementor-widget-container\">\n\t\t\t\t\t<h2 class=\"elementor-heading-title elementor-size-default\">DATE<\/h2>\t\t\t\t<\/div>\n\t\t\t\t<\/div>\n\t\t\t\t<div class=\"elementor-element elementor-element-55d9a23 elementor-widget elementor-widget-heading\" data-id=\"55d9a23\" data-element_type=\"widget\" data-e-type=\"widget\" data-widget_type=\"heading.default\">\n\t\t\t\t<div class=\"elementor-widget-container\">\n\t\t\t\t\t<h2 class=\"elementor-heading-title elementor-size-default\">31 JANVIER 2026<\/h2>\t\t\t\t<\/div>\n\t\t\t\t<\/div>\n\t\t\t\t<div class=\"elementor-element elementor-element-72ce331 elementor-widget elementor-widget-spacer\" data-id=\"72ce331\" data-element_type=\"widget\" data-e-type=\"widget\" data-widget_type=\"spacer.default\">\n\t\t\t\t<div class=\"elementor-widget-container\">\n\t\t\t\t\t\t\t<div class=\"elementor-spacer\">\n\t\t\t<div class=\"elementor-spacer-inner\"><\/div>\n\t\t<\/div>\n\t\t\t\t\t\t<\/div>\n\t\t\t\t<\/div>\n\t\t\t\t<div class=\"elementor-element elementor-element-fdda577 elementor-widget elementor-widget-heading\" data-id=\"fdda577\" data-element_type=\"widget\" data-e-type=\"widget\" data-widget_type=\"heading.default\">\n\t\t\t\t<div class=\"elementor-widget-container\">\n\t\t\t\t\t<h2 class=\"elementor-heading-title elementor-size-default\">HEURE DE D\u00c9PART<\/h2>\t\t\t\t<\/div>\n\t\t\t\t<\/div>\n\t\t\t\t<div class=\"elementor-element elementor-element-834f972 elementor-widget elementor-widget-heading\" data-id=\"834f972\" data-element_type=\"widget\" data-e-type=\"widget\" data-widget_type=\"heading.default\">\n\t\t\t\t<div class=\"elementor-widget-container\">\n\t\t\t\t\t<h2 class=\"elementor-heading-title elementor-size-default\">17H30<\/h2>\t\t\t\t<\/div>\n\t\t\t\t<\/div>\n\t\t\t\t<div class=\"elementor-element elementor-element-187e035 elementor-widget elementor-widget-spacer\" data-id=\"187e035\" data-element_type=\"widget\" data-e-type=\"widget\" data-widget_type=\"spacer.default\">\n\t\t\t\t<div class=\"elementor-widget-container\">\n\t\t\t\t\t\t\t<div class=\"elementor-spacer\">\n\t\t\t<div class=\"elementor-spacer-inner\"><\/div>\n\t\t<\/div>\n\t\t\t\t\t\t<\/div>\n\t\t\t\t<\/div>\n\t\t\t\t<div class=\"elementor-element elementor-element-28b25a6 elementor-widget elementor-widget-heading\" data-id=\"28b25a6\" data-element_type=\"widget\" data-e-type=\"widget\" data-widget_type=\"heading.default\">\n\t\t\t\t<div class=\"elementor-widget-container\">\n\t\t\t\t\t<h2 class=\"elementor-heading-title elementor-size-default\">PARCOURS<\/h2>\t\t\t\t<\/div>\n\t\t\t\t<\/div>\n\t\t\t\t<div class=\"elementor-element elementor-element-d76a106 elementor-widget elementor-widget-heading\" data-id=\"d76a106\" data-element_type=\"widget\" data-e-type=\"widget\" data-widget_type=\"heading.default\">\n\t\t\t\t<div class=\"elementor-widget-container\">\n\t\t\t\t\t<h2 class=\"elementor-heading-title elementor-size-default\">11,5KM \u2022 460 D+ \/ 460 D-<\/h2>\t\t\t\t<\/div>\n\t\t\t\t<\/div>\n\t\t\t\t<div class=\"elementor-element elementor-element-38c7023 elementor-widget elementor-widget-spacer\" data-id=\"38c7023\" data-element_type=\"widget\" data-e-type=\"widget\" data-widget_type=\"spacer.default\">\n\t\t\t\t<div class=\"elementor-widget-container\">\n\t\t\t\t\t\t\t<div class=\"elementor-spacer\">\n\t\t\t<div class=\"elementor-spacer-inner\"><\/div>\n\t\t<\/div>\n\t\t\t\t\t\t<\/div>\n\t\t\t\t<\/div>\n\t\t\t\t<div class=\"elementor-element elementor-element-6de3aec elementor-widget elementor-widget-heading\" data-id=\"6de3aec\" data-element_type=\"widget\" data-e-type=\"widget\" data-widget_type=\"heading.default\">\n\t\t\t\t<div class=\"elementor-widget-container\">\n\t\t\t\t\t<h2 class=\"elementor-heading-title elementor-size-default\">LIEU DE DEPART\/ARRIVEE<\/h2>\t\t\t\t<\/div>\n\t\t\t\t<\/div>\n\t\t\t\t<div class=\"elementor-element elementor-element-ca09114 elementor-widget elementor-widget-heading\" data-id=\"ca09114\" data-element_type=\"widget\" data-e-type=\"widget\" data-widget_type=\"heading.default\">\n\t\t\t\t<div class=\"elementor-widget-container\">\n\t\t\t\t\t<h2 class=\"elementor-heading-title elementor-size-default\"><a href=\"https:\/\/maps.app.goo.gl\/8rNdkSdcMKMzyvgXA\" target=\"_blank\">Station du Semnoz (c\u00f4t\u00e9 Annecy) -&gt; Lien<\/a><\/h2>\t\t\t\t<\/div>\n\t\t\t\t<\/div>\n\t\t\t\t<\/div>\n\t\t\t\t<\/div>\n\t\t\t\t\t<\/div>\n\t\t\t\t<\/div>\n\t\t<div class=\"elementor-element elementor-element-26a42095 e-flex e-con-boxed e-con e-parent\" data-id=\"26a42095\" data-element_type=\"container\" data-e-type=\"container\" data-settings=\"{&quot;background_background&quot;:&quot;classic&quot;}\">\n\t\t\t\t\t<div class=\"e-con-inner\">\n\t\t<div class=\"elementor-element elementor-element-1169f8fa e-con-full e-flex e-con e-child\" data-id=\"1169f8fa\" data-element_type=\"container\" data-e-type=\"container\">\n\t\t\t\t<div class=\"elementor-element elementor-element-c9bfc83 elementor-widget elementor-widget-heading\" data-id=\"c9bfc83\" data-element_type=\"widget\" data-e-type=\"widget\" data-widget_type=\"heading.default\">\n\t\t\t\t<div class=\"elementor-widget-container\">\n\t\t\t\t\t<h2 class=\"elementor-heading-title elementor-size-default\">RETRAIT DES DOSSARDS<\/h2>\t\t\t\t<\/div>\n\t\t\t\t<\/div>\n\t\t\t\t<div class=\"elementor-element elementor-element-713eb1e elementor-widget elementor-widget-spacer\" data-id=\"713eb1e\" data-element_type=\"widget\" data-e-type=\"widget\" data-widget_type=\"spacer.default\">\n\t\t\t\t<div class=\"elementor-widget-container\">\n\t\t\t\t\t\t\t<div class=\"elementor-spacer\">\n\t\t\t<div class=\"elementor-spacer-inner\"><\/div>\n\t\t<\/div>\n\t\t\t\t\t\t<\/div>\n\t\t\t\t<\/div>\n\t\t<div class=\"elementor-element elementor-element-f0e94aa e-con-full e-flex e-con e-child\" data-id=\"f0e94aa\" data-element_type=\"container\" data-e-type=\"container\">\n\t\t\t\t<div class=\"elementor-element elementor-element-2baf4626 elementor-widget__width-initial elementor-widget-tablet__width-inherit elementor-widget elementor-widget-icon-box\" data-id=\"2baf4626\" data-element_type=\"widget\" data-e-type=\"widget\" data-widget_type=\"icon-box.default\">\n\t\t\t\t<div class=\"elementor-widget-container\">\n\t\t\t\t\t\t\t<div class=\"elementor-icon-box-wrapper\">\n\n\t\t\t\n\t\t\t\t\t\t<div class=\"elementor-icon-box-content\">\n\n\t\t\t\t\t\t\t\t\t<h3 class=\"elementor-icon-box-title\">\n\t\t\t\t\t\t<span  >\n\t\t\t\t\t\t\tVENDREDI 30\/01\/2026\t\t\t\t\t\t<\/span>\n\t\t\t\t\t<\/h3>\n\t\t\t\t\n\t\t\t\t\t\t\t\t\t<p class=\"elementor-icon-box-description\">\n\t\t\t\t\t\t16h30 \u2022 19h30<br>\nGalerie marchande <br>AUCHAN SEYNOD<br>Devant le magasin OFF COURSE<br> \n<b><i>Centre Commercial Val Semnoz<\/i><\/b><br><b><i> 20 avenue de la P\u00e9riaz, 74600 Seynod<\/i><\/b>\t\t\t\t\t<\/p>\n\t\t\t\t\n\t\t\t<\/div>\n\t\t\t\n\t\t<\/div>\n\t\t\t\t\t\t<\/div>\n\t\t\t\t<\/div>\n\t\t\t\t<div class=\"elementor-element elementor-element-277f76b elementor-widget__width-initial elementor-widget-tablet__width-inherit elementor-widget elementor-widget-icon-box\" data-id=\"277f76b\" data-element_type=\"widget\" data-e-type=\"widget\" data-widget_type=\"icon-box.default\">\n\t\t\t\t<div class=\"elementor-widget-container\">\n\t\t\t\t\t\t\t<div class=\"elementor-icon-box-wrapper\">\n\n\t\t\t\n\t\t\t\t\t\t<div class=\"elementor-icon-box-content\">\n\n\t\t\t\t\t\t\t\t\t<h3 class=\"elementor-icon-box-title\">\n\t\t\t\t\t\t<span  >\n\t\t\t\t\t\t\tSAMEDI 31\/01\/2026\t\t\t\t\t\t<\/span>\n\t\t\t\t\t<\/h3>\n\t\t\t\t\n\t\t\t\t\t\t\t\t\t<p class=\"elementor-icon-box-description\">\n\t\t\t\t\t\t9h30 \u2022 12h<br>\nGalerie marchande <br>AUCHAN SEYNOD<br>\nDevant le magasin OFF COURSE<br>\n<b><i>Centre Commercial Val Semnoz<\/i><\/b><br><b><i> 20 avenue de la P\u00e9riaz, 74600 Seynod<\/i><\/b>\t\t\t\t\t<\/p>\n\t\t\t\t\n\t\t\t<\/div>\n\t\t\t\n\t\t<\/div>\n\t\t\t\t\t\t<\/div>\n\t\t\t\t<\/div>\n\t\t\t\t<div class=\"elementor-element elementor-element-699215f elementor-widget__width-initial elementor-widget-tablet__width-inherit elementor-widget elementor-widget-icon-box\" data-id=\"699215f\" data-element_type=\"widget\" data-e-type=\"widget\" data-widget_type=\"icon-box.default\">\n\t\t\t\t<div class=\"elementor-widget-container\">\n\t\t\t\t\t\t\t<div class=\"elementor-icon-box-wrapper\">\n\n\t\t\t\n\t\t\t\t\t\t<div class=\"elementor-icon-box-content\">\n\n\t\t\t\t\t\t\t\t\t<h3 class=\"elementor-icon-box-title\">\n\t\t\t\t\t\t<span  >\n\t\t\t\t\t\t\tSAMEDI 31\/01\/2026\t\t\t\t\t\t<\/span>\n\t\t\t\t\t<\/h3>\n\t\t\t\t\n\t\t\t\t\t\t\t\t\t<p class=\"elementor-icon-box-description\">\n\t\t\t\t\t\t15h \u2022 17h<br>\nSalle \"hors sacs\"<br>\nSTATION DU SEMNOZ<br>\n<b><i>\u00c0 c\u00f4t\u00e9 de la caisse des remont\u00e9es m\u00e9caniques - c\u00f4t\u00e9 Annecy<\/i><\/b>\t\t\t\t\t<\/p>\n\t\t\t\t\n\t\t\t<\/div>\n\t\t\t\n\t\t<\/div>\n\t\t\t\t\t\t<\/div>\n\t\t\t\t<\/div>\n\t\t\t\t<\/div>\n\t\t\t\t<\/div>\n\t\t\t\t\t<\/div>\n\t\t\t\t<\/div>\n\t\t<div class=\"elementor-element elementor-element-3d8d6b0 e-flex e-con-boxed e-con e-parent\" data-id=\"3d8d6b0\" data-element_type=\"container\" data-e-type=\"container\">\n\t\t\t\t\t<div class=\"e-con-inner\">\n\t\t\t\t<div class=\"elementor-element elementor-element-87ccc4f elementor-widget elementor-widget-spacer\" data-id=\"87ccc4f\" data-element_type=\"widget\" data-e-type=\"widget\" data-widget_type=\"spacer.default\">\n\t\t\t\t<div class=\"elementor-widget-container\">\n\t\t\t\t\t\t\t<div class=\"elementor-spacer\">\n\t\t\t<div class=\"elementor-spacer-inner\"><\/div>\n\t\t<\/div>\n\t\t\t\t\t\t<\/div>\n\t\t\t\t<\/div>\n\t\t\t\t\t<\/div>\n\t\t\t\t<\/div>\n\t\t<div class=\"elementor-element elementor-element-8d12964 e-flex e-con-boxed e-con e-parent\" data-id=\"8d12964\" data-element_type=\"container\" data-e-type=\"container\" data-settings=\"{&quot;background_background&quot;:&quot;classic&quot;}\">\n\t\t\t\t\t<div class=\"e-con-inner\">\n\t\t\t\t<div class=\"elementor-element elementor-element-8e6951f elementor-widget elementor-widget-spacer\" data-id=\"8e6951f\" data-element_type=\"widget\" data-e-type=\"widget\" data-widget_type=\"spacer.default\">\n\t\t\t\t<div class=\"elementor-widget-container\">\n\t\t\t\t\t\t\t<div class=\"elementor-spacer\">\n\t\t\t<div class=\"elementor-spacer-inner\"><\/div>\n\t\t<\/div>\n\t\t\t\t\t\t<\/div>\n\t\t\t\t<\/div>\n\t\t\t\t\t<\/div>\n\t\t\t\t<\/div>\n\t\t<div class=\"elementor-element elementor-element-942294e e-flex e-con-boxed e-con e-parent\" data-id=\"942294e\" data-element_type=\"container\" data-e-type=\"container\" data-settings=\"{&quot;background_background&quot;:&quot;classic&quot;}\">\n\t\t\t\t\t<div class=\"e-con-inner\">\n\t\t\t\t<div class=\"elementor-element elementor-element-c94afc2 elementor-widget elementor-widget-heading\" data-id=\"c94afc2\" data-element_type=\"widget\" data-e-type=\"widget\" data-widget_type=\"heading.default\">\n\t\t\t\t<div class=\"elementor-widget-container\">\n\t\t\t\t\t<h2 class=\"elementor-heading-title elementor-size-default\">MAT\u00c9RIEL OBLIGATOIRE<\/h2>\t\t\t\t<\/div>\n\t\t\t\t<\/div>\n\t\t\t\t<div class=\"elementor-element elementor-element-7c3ffa1 elementor-widget elementor-widget-heading\" data-id=\"7c3ffa1\" data-element_type=\"widget\" data-e-type=\"widget\" data-widget_type=\"heading.default\">\n\t\t\t\t<div class=\"elementor-widget-container\">\n\t\t\t\t\t<h2 class=\"elementor-heading-title elementor-size-default\">- Lampe frontale en bon \u00e9tat de fonctionnement<br>- T\u00e9l\u00e9phone portable (avec num\u00e9ro du PC S\u00e9curit\u00e9 enregistr\u00e9 : \u00e0 venir <br>- Sifflet<br>- V\u00eatements chauds<br>- Couverture de Survie<br><br><b><i>Mat\u00e9riel fortement recommand\u00e9 :<br><\/i><\/b><i>- Veste imperm\u00e9able (si les conditions atmosph\u00e9riques l'imposent)<br>- Eau (minimum 0,5 litres)<\/i><\/h2>\t\t\t\t<\/div>\n\t\t\t\t<\/div>\n\t\t\t\t\t<\/div>\n\t\t\t\t<\/div>\n\t\t<div class=\"elementor-element elementor-element-5d7fcca e-flex e-con-boxed e-con e-parent\" data-id=\"5d7fcca\" data-element_type=\"container\" data-e-type=\"container\" data-settings=\"{&quot;background_background&quot;:&quot;classic&quot;}\">\n\t\t\t\t\t<div class=\"e-con-inner\">\n\t\t\t\t<div class=\"elementor-element elementor-element-2179c4d elementor-widget elementor-widget-spacer\" data-id=\"2179c4d\" data-element_type=\"widget\" data-e-type=\"widget\" data-widget_type=\"spacer.default\">\n\t\t\t\t<div class=\"elementor-widget-container\">\n\t\t\t\t\t\t\t<div class=\"elementor-spacer\">\n\t\t\t<div class=\"elementor-spacer-inner\"><\/div>\n\t\t<\/div>\n\t\t\t\t\t\t<\/div>\n\t\t\t\t<\/div>\n\t\t\t\t\t<\/div>\n\t\t\t\t<\/div>\n\t\t<div class=\"elementor-element elementor-element-2258ef9 e-con-full e-flex e-con e-parent\" data-id=\"2258ef9\" data-element_type=\"container\" data-e-type=\"container\" data-settings=\"{&quot;background_background&quot;:&quot;classic&quot;}\">\n\t\t\t\t<\/div>\n\t\t<div class=\"elementor-element elementor-element-99e8cf2 e-flex e-con-boxed e-con e-parent\" data-id=\"99e8cf2\" data-element_type=\"container\" data-e-type=\"container\" data-settings=\"{&quot;background_background&quot;:&quot;classic&quot;}\">\n\t\t\t\t\t<div class=\"e-con-inner\">\n\t\t\t\t<div class=\"elementor-element elementor-element-7a95bb2 elementor-widget elementor-widget-spacer\" data-id=\"7a95bb2\" data-element_type=\"widget\" data-e-type=\"widget\" data-widget_type=\"spacer.default\">\n\t\t\t\t<div class=\"elementor-widget-container\">\n\t\t\t\t\t\t\t<div class=\"elementor-spacer\">\n\t\t\t<div class=\"elementor-spacer-inner\"><\/div>\n\t\t<\/div>\n\t\t\t\t\t\t<\/div>\n\t\t\t\t<\/div>\n\t\t\t\t<div class=\"elementor-element elementor-element-a6e43f8 elementor-widget elementor-widget-theme-site-logo elementor-widget-image\" data-id=\"a6e43f8\" data-element_type=\"widget\" data-e-type=\"widget\" data-widget_type=\"theme-site-logo.default\">\n\t\t\t\t<div class=\"elementor-widget-container\">\n\t\t\t\t\t\t\t\t\t\t\t<a href=\"https:\/\/www.trailblancdusemnoz.fr\">\n\t\t\t<img fetchpriority=\"high\" decoding=\"async\" width=\"768\" height=\"326\" src=\"https:\/\/www.trailblancdusemnoz.fr\/wp-content\/uploads\/2023\/09\/cropped-LOGO_TBS-768x326-1.png\" class=\"attachment-full size-full wp-image-18\" alt=\"\" srcset=\"https:\/\/www.trailblancdusemnoz.fr\/wp-content\/uploads\/2023\/09\/cropped-LOGO_TBS-768x326-1.png 768w, https:\/\/www.trailblancdusemnoz.fr\/wp-content\/uploads\/2023\/09\/cropped-LOGO_TBS-768x326-1-300x127.png 300w\" sizes=\"(max-width: 768px) 100vw, 768px\" \/>\t\t\t\t<\/a>\n\t\t\t\t\t\t\t\t\t\t\t<\/div>\n\t\t\t\t<\/div>\n\t\t\t\t<div class=\"elementor-element elementor-element-aaea2a9 elementor-widget elementor-widget-spacer\" data-id=\"aaea2a9\" data-element_type=\"widget\" data-e-type=\"widget\" data-widget_type=\"spacer.default\">\n\t\t\t\t<div class=\"elementor-widget-container\">\n\t\t\t\t\t\t\t<div class=\"elementor-spacer\">\n\t\t\t<div class=\"elementor-spacer-inner\"><\/div>\n\t\t<\/div>\n\t\t\t\t\t\t<\/div>\n\t\t\t\t<\/div>\n\t\t\t\t<div class=\"elementor-element elementor-element-ef16084 elementor-widget elementor-widget-heading\" data-id=\"ef16084\" data-element_type=\"widget\" data-e-type=\"widget\" data-widget_type=\"heading.default\">\n\t\t\t\t<div class=\"elementor-widget-container\">\n\t\t\t\t\t<h2 class=\"elementor-heading-title elementor-size-default\"><a href=\"mailto:trailblancdusemnoz@gmail.com\">trailblancdusemnoz@gmail.com<\/a><\/h2>\t\t\t\t<\/div>\n\t\t\t\t<\/div>\n\t\t\t\t<div class=\"elementor-element elementor-element-7a7ab01 elementor-widget elementor-widget-image\" data-id=\"7a7ab01\" data-element_type=\"widget\" data-e-type=\"widget\" data-widget_type=\"image.default\">\n\t\t\t\t<div class=\"elementor-widget-container\">\n\t\t\t\t\t\t\t\t\t\t\t\t\t\t\t<img decoding=\"async\" src=\"https:\/\/www.trailblancdusemnoz.fr\/wp-content\/uploads\/2023\/09\/Logo-ASPTT-ANNECY-ATHLETISME-blanc.jpg\" class=\"attachment-full size-full wp-image-93\" alt=\"\" \/>\t\t\t\t\t\t\t\t\t\t\t\t\t\t\t<\/div>\n\t\t\t\t<\/div>\n\t\t\t\t<div class=\"elementor-element elementor-element-87447ba elementor-widget elementor-widget-spacer\" data-id=\"87447ba\" data-element_type=\"widget\" data-e-type=\"widget\" data-widget_type=\"spacer.default\">\n\t\t\t\t<div class=\"elementor-widget-container\">\n\t\t\t\t\t\t\t<div class=\"elementor-spacer\">\n\t\t\t<div class=\"elementor-spacer-inner\"><\/div>\n\t\t<\/div>\n\t\t\t\t\t\t<\/div>\n\t\t\t\t<\/div>\n\t\t\t\t\t<\/div>\n\t\t\t\t<\/div>\n\t\t<div class=\"elementor-element elementor-element-589a690 e-flex e-con-boxed e-con e-parent\" data-id=\"589a690\" data-element_type=\"container\" data-e-type=\"container\" data-settings=\"{&quot;background_background&quot;:&quot;classic&quot;}\">\n\t\t\t\t\t<div class=\"e-con-inner\">\n\t\t\t\t<div class=\"elementor-element elementor-element-0043682 elementor-shape-rounded elementor-grid-0 e-grid-align-center elementor-widget elementor-widget-social-icons\" data-id=\"0043682\" data-element_type=\"widget\" data-e-type=\"widget\" data-widget_type=\"social-icons.default\">\n\t\t\t\t<div class=\"elementor-widget-container\">\n\t\t\t\t\t\t\t<div class=\"elementor-social-icons-wrapper elementor-grid\">\n\t\t\t\t\t\t\t<span class=\"elementor-grid-item\">\n\t\t\t\t\t<a class=\"elementor-icon elementor-social-icon elementor-social-icon-facebook elementor-repeater-item-38948b8\" target=\"_blank\">\n\t\t\t\t\t\t<span class=\"elementor-screen-only\">Facebook<\/span>\n\t\t\t\t\t\t<i aria-hidden=\"true\" class=\"fab fa-facebook\"><\/i>\t\t\t\t\t<\/a>\n\t\t\t\t<\/span>\n\t\t\t\t\t<\/div>\n\t\t\t\t\t\t<\/div>\n\t\t\t\t<\/div>\n\t\t\t\t\t<\/div>\n\t\t\t\t<\/div>\n\t\t<div class=\"elementor-element elementor-element-1070333 e-flex e-con-boxed e-con e-parent\" data-id=\"1070333\" data-element_type=\"container\" data-e-type=\"container\">\n\t\t\t\t\t<div class=\"e-con-inner\">\n\t\t\t\t\t<\/div>\n\t\t\t\t<\/div>\n\t\t\t\t<\/div>\n\t\t","protected":false},"excerpt":{"rendered":"<p>LA COURSE Le samedi 31 janvier 2026 \u00e0 17h30 la station du Semnoz se met en \u00ab mode Trail Blanc \u00bb en vous permettant de d\u00e9couvrir le coucher du soleil en parcourant le plateau sommital de la montagne du Semnoz et sa vue panoramique sur le Mont-Blanc et les massifs alpins. PARCOURS SUR LA STATION [&hellip;]<\/p>\n","protected":false},"author":3,"featured_media":18,"parent":0,"menu_order":0,"comment_status":"closed","ping_status":"closed","template":"elementor_canvas","meta":{"footnotes":""},"class_list":["post-103","page","type-page","status-publish","has-post-thumbnail","hentry"],"blocksy_meta":[],"jetpack_sharing_enabled":true,"featured_media_urls":{"thumbnail":["https:\/\/www.trailblancdusemnoz.fr\/wp-content\/uploads\/2023\/09\/cropped-LOGO_TBS-768x326-1-150x150.png",150,150,true],"medium":["https:\/\/www.trailblancdusemnoz.fr\/wp-content\/uploads\/2023\/09\/cropped-LOGO_TBS-768x326-1-300x127.png",300,127,true],"medium_large":["https:\/\/www.trailblancdusemnoz.fr\/wp-content\/uploads\/2023\/09\/cropped-LOGO_TBS-768x326-1.png",768,326,false],"large":["https:\/\/www.trailblancdusemnoz.fr\/wp-content\/uploads\/2023\/09\/cropped-LOGO_TBS-768x326-1.png",768,326,false],"1536x1536":["https:\/\/www.trailblancdusemnoz.fr\/wp-content\/uploads\/2023\/09\/cropped-LOGO_TBS-768x326-1.png",768,326,false],"2048x2048":["https:\/\/www.trailblancdusemnoz.fr\/wp-content\/uploads\/2023\/09\/cropped-LOGO_TBS-768x326-1.png",768,326,false],"portfolio_item-thumbnail":["https:\/\/www.trailblancdusemnoz.fr\/wp-content\/uploads\/2023\/09\/cropped-LOGO_TBS-768x326-1.png",600,255,false],"portfolio_item-thumbnail@2x":["https:\/\/www.trailblancdusemnoz.fr\/wp-content\/uploads\/2023\/09\/cropped-LOGO_TBS-768x326-1.png",768,326,false],"portfolio_item-masonry":["https:\/\/www.trailblancdusemnoz.fr\/wp-content\/uploads\/2023\/09\/cropped-LOGO_TBS-768x326-1.png",600,255,false],"portfolio_item-masonry@2x":["https:\/\/www.trailblancdusemnoz.fr\/wp-content\/uploads\/2023\/09\/cropped-LOGO_TBS-768x326-1.png",768,326,false],"portfolio_item-thumbnail_cinema":["https:\/\/www.trailblancdusemnoz.fr\/wp-content\/uploads\/2023\/09\/cropped-LOGO_TBS-768x326-1.png",768,326,false],"portfolio_item-thumbnail_portrait":["https:\/\/www.trailblancdusemnoz.fr\/wp-content\/uploads\/2023\/09\/cropped-LOGO_TBS-768x326-1.png",600,255,false],"portfolio_item-thumbnail_portrait@2x":["https:\/\/www.trailblancdusemnoz.fr\/wp-content\/uploads\/2023\/09\/cropped-LOGO_TBS-768x326-1.png",768,326,false],"portfolio_item-thumbnail_square":["https:\/\/www.trailblancdusemnoz.fr\/wp-content\/uploads\/2023\/09\/cropped-LOGO_TBS-768x326-1.png",768,326,false]},"_links":{"self":[{"href":"https:\/\/www.trailblancdusemnoz.fr\/index.php\/wp-json\/wp\/v2\/pages\/103","targetHints":{"allow":["GET"]}}],"collection":[{"href":"https:\/\/www.trailblancdusemnoz.fr\/index.php\/wp-json\/wp\/v2\/pages"}],"about":[{"href":"https:\/\/www.trailblancdusemnoz.fr\/index.php\/wp-json\/wp\/v2\/types\/page"}],"author":[{"embeddable":true,"href":"https:\/\/www.trailblancdusemnoz.fr\/index.php\/wp-json\/wp\/v2\/users\/3"}],"replies":[{"embeddable":true,"href":"https:\/\/www.trailblancdusemnoz.fr\/index.php\/wp-json\/wp\/v2\/comments?post=103"}],"version-history":[{"count":64,"href":"https:\/\/www.trailblancdusemnoz.fr\/index.php\/wp-json\/wp\/v2\/pages\/103\/revisions"}],"predecessor-version":[{"id":941,"href":"https:\/\/www.trailblancdusemnoz.fr\/index.php\/wp-json\/wp\/v2\/pages\/103\/revisions\/941"}],"wp:featuredmedia":[{"embeddable":true,"href":"https:\/\/www.trailblancdusemnoz.fr\/index.php\/wp-json\/wp\/v2\/media\/18"}],"wp:attachment":[{"href":"https:\/\/www.trailblancdusemnoz.fr\/index.php\/wp-json\/wp\/v2\/media?parent=103"}],"curies":[{"name":"wp","href":"https:\/\/api.w.org\/{rel}","templated":true}]}}