{"id":118,"date":"2023-09-19T14:29:47","date_gmt":"2023-09-19T12:29:47","guid":{"rendered":"https:\/\/www.trailblancdusemnoz.fr\/?page_id=118"},"modified":"2026-03-04T08:59:47","modified_gmt":"2026-03-04T07:59:47","slug":"inscriptions-2","status":"publish","type":"page","link":"https:\/\/www.trailblancdusemnoz.fr\/index.php\/inscriptions-2\/","title":{"rendered":"INSCRIPTIONS"},"content":{"rendered":"\t\t<div data-elementor-type=\"wp-page\" data-elementor-id=\"118\" class=\"elementor elementor-118\" data-elementor-post-type=\"page\">\n\t\t\t\t<div class=\"elementor-element elementor-element-4738f9d6 e-flex e-con-boxed e-con e-parent\" data-id=\"4738f9d6\" data-element_type=\"container\" data-e-type=\"container\" data-settings=\"{&quot;background_background&quot;:&quot;classic&quot;}\">\n\t\t\t\t\t<div class=\"e-con-inner\">\n\t\t\t\t\t<\/div>\n\t\t\t\t<\/div>\n\t\t<div class=\"elementor-element elementor-element-597815c e-flex e-con-boxed e-con e-parent\" data-id=\"597815c\" data-element_type=\"container\" data-e-type=\"container\">\n\t\t\t\t\t<div class=\"e-con-inner\">\n\t\t\t\t<div class=\"elementor-element elementor-element-ea1f54b elementor-widget elementor-widget-spacer\" data-id=\"ea1f54b\" data-element_type=\"widget\" data-e-type=\"widget\" data-widget_type=\"spacer.default\">\n\t\t\t\t<div class=\"elementor-widget-container\">\n\t\t\t\t\t\t\t<div class=\"elementor-spacer\">\n\t\t\t<div class=\"elementor-spacer-inner\"><\/div>\n\t\t<\/div>\n\t\t\t\t\t\t<\/div>\n\t\t\t\t<\/div>\n\t\t\t\t\t<\/div>\n\t\t\t\t<\/div>\n\t\t<div class=\"elementor-element elementor-element-28a5da6 e-flex e-con-boxed e-con e-parent\" data-id=\"28a5da6\" data-element_type=\"container\" data-e-type=\"container\">\n\t\t\t\t\t<div class=\"e-con-inner\">\n\t\t\t\t<div class=\"elementor-element elementor-element-57a076b elementor-view-default elementor-widget elementor-widget-icon\" data-id=\"57a076b\" data-element_type=\"widget\" data-e-type=\"widget\" data-widget_type=\"icon.default\">\n\t\t\t\t<div class=\"elementor-widget-container\">\n\t\t\t\t\t\t\t<div class=\"elementor-icon-wrapper\">\n\t\t\t<a class=\"elementor-icon elementor-animation-float\" href=\"https:\/\/www.trailblancdusemnoz.fr\/\">\n\t\t\t<i aria-hidden=\"true\" class=\"fas fa-angle-left\"><\/i>\t\t\t<\/a>\n\t\t<\/div>\n\t\t\t\t\t\t<\/div>\n\t\t\t\t<\/div>\n\t\t\t\t\t<\/div>\n\t\t\t\t<\/div>\n\t\t<div class=\"elementor-element elementor-element-8f8cc56 e-con-full e-flex e-con e-parent\" data-id=\"8f8cc56\" data-element_type=\"container\" data-e-type=\"container\">\n\t\t<div class=\"elementor-element elementor-element-1ad649f e-con-full e-flex e-con e-child\" data-id=\"1ad649f\" data-element_type=\"container\" data-e-type=\"container\">\n\t\t\t\t<div class=\"elementor-element elementor-element-95141f1 elementor-widget elementor-widget-heading\" data-id=\"95141f1\" data-element_type=\"widget\" data-e-type=\"widget\" data-widget_type=\"heading.default\">\n\t\t\t\t<div class=\"elementor-widget-container\">\n\t\t\t\t\t<h2 class=\"elementor-heading-title elementor-size-default\">INSCRIPTIONS<\/h2>\t\t\t\t<\/div>\n\t\t\t\t<\/div>\n\t\t\t\t<div class=\"elementor-element elementor-element-5ec916f elementor-widget elementor-widget-heading\" data-id=\"5ec916f\" data-element_type=\"widget\" data-e-type=\"widget\" data-widget_type=\"heading.default\">\n\t\t\t\t<div class=\"elementor-widget-container\">\n\t\t\t\t\t<h2 class=\"elementor-heading-title elementor-size-default\">Ouverture des inscriptions au 1er d\u00e9cembre 2025 \u00e0 0h00<br><br>Course COMPLETE (1000 coureurs)<\/h2>\t\t\t\t<\/div>\n\t\t\t\t<\/div>\n\t\t\t\t<div class=\"elementor-element elementor-element-8546124 elementor-widget elementor-widget-heading\" data-id=\"8546124\" data-element_type=\"widget\" data-e-type=\"widget\" data-widget_type=\"heading.default\">\n\t\t\t\t<div class=\"elementor-widget-container\">\n\t\t\t\t\t<h2 class=\"elementor-heading-title elementor-size-default\">Cl\u00f4ture des dossiers le dimanche 25  janvier 2026 \u00e0 minuit\n<\/h2>\t\t\t\t<\/div>\n\t\t\t\t<\/div>\n\t\t\t\t<div class=\"elementor-element elementor-element-3f47e16 elementor-widget elementor-widget-heading\" data-id=\"3f47e16\" data-element_type=\"widget\" data-e-type=\"widget\" data-widget_type=\"heading.default\">\n\t\t\t\t<div class=\"elementor-widget-container\">\n\t\t\t\t\t<h2 class=\"elementor-heading-title elementor-size-default\"><b>Co\u00fbts<\/b> <b>d'inscriptions<\/b> <b>2026<\/b><br><br><u>Dossard sans lot coureur<\/u> : <br><b>18\u20ac<\/b> + 1,15\u20ac de frais de plate-forme d'inscription<br><br><u>Dossard avec lot coureur <\/u>:<br><b>21,5\u20ac<\/b> + 1,24\u20ac de frais de plate-forme d'inscription<br><br><b>Lot coureur<\/b> -&gt; au choix<br>\nBi\u00e8re blonde Bio Locale 75cl \"Brasseurs Savoyards\" personnalis\u00e9e \"Trail Blanc du Semnoz\" <br>ou<br>Limonade Bio Locale 3x33cl \"Brasseurs Savoyards\"<br><br><br>Le lot coureur <u>ne sera plus disponible<\/u> \u00e0 l'inscription \u00e0 partir du 15\/01\/2026 minuit<\/h2>\t\t\t\t<\/div>\n\t\t\t\t<\/div>\n\t\t\t\t<div class=\"elementor-element elementor-element-0fabc03 elementor-widget__width-initial elementor-widget elementor-widget-wpzoom-elementor-addons-image-box\" data-id=\"0fabc03\" data-element_type=\"widget\" data-e-type=\"widget\" data-widget_type=\"wpzoom-elementor-addons-image-box.default\">\n\t\t\t\t<div class=\"elementor-widget-container\">\n\t\t\t\t\t\t\t<div class=\"wpzoom-elementor-addons-image-box\">\n\t\t\t<h3>\n\t\t\t\t<span class=\"wpzoom-elementor-addons-image-box-link not-linked has-image\" style=\"background-image:url('https:\/\/www.trailblancdusemnoz.fr\/wp-content\/uploads\/2024\/11\/Photo-Lots-coureur-2025.png');\"><span><\/span><\/span>\t\t\t<\/h3>\n\t\t<\/div><!-- \/\/.wpzoom-elementor-addons-image-box -->\n\t\t\t\t\t\t<\/div>\n\t\t\t\t<\/div>\n\t\t\t\t<\/div>\n\t\t<div class=\"elementor-element elementor-element-fe8f22d e-con-full e-flex e-con e-child\" data-id=\"fe8f22d\" data-element_type=\"container\" data-e-type=\"container\">\n\t\t<div class=\"elementor-element elementor-element-1903b8de e-con-full e-flex e-con e-child\" data-id=\"1903b8de\" data-element_type=\"container\" data-e-type=\"container\" data-settings=\"{&quot;background_background&quot;:&quot;classic&quot;}\">\n\t\t\t\t<div class=\"elementor-element elementor-element-14df74b elementor-widget elementor-widget-heading\" data-id=\"14df74b\" data-element_type=\"widget\" data-e-type=\"widget\" data-widget_type=\"heading.default\">\n\t\t\t\t<div class=\"elementor-widget-container\">\n\t\t\t\t\t<h2 class=\"elementor-heading-title elementor-size-default\"><a href=\"https:\/\/www.trailblancdusemnoz.fr\/wp-content\/uploads\/2026\/01\/TBS-2026-Reglement-2026-V-2.1.pdf\" target=\"_blank\"><br>R\u00c8GLEMENT DU TRAIL BLANC DU SEMNOZ 2026\n\n<\/a><\/h2>\t\t\t\t<\/div>\n\t\t\t\t<\/div>\n\t\t\t\t<div class=\"elementor-element elementor-element-55d9a23 elementor-widget elementor-widget-heading\" data-id=\"55d9a23\" data-element_type=\"widget\" data-e-type=\"widget\" data-widget_type=\"heading.default\">\n\t\t\t\t<div class=\"elementor-widget-container\">\n\t\t\t\t\t<h2 class=\"elementor-heading-title elementor-size-default\">INFOS IMPORTANTES<br>Changement de r\u00e8glementation<\/h2>\t\t\t\t<\/div>\n\t\t\t\t<\/div>\n\t\t\t\t<div class=\"elementor-element elementor-element-58841a1 elementor-widget elementor-widget-heading\" data-id=\"58841a1\" data-element_type=\"widget\" data-e-type=\"widget\" data-widget_type=\"heading.default\">\n\t\t\t\t<div class=\"elementor-widget-container\">\n\t\t\t\t\t<h2 class=\"elementor-heading-title elementor-size-default\">Pour les personnes MAJEURES non licenci\u00e9(e)s FFA ou F\u00e9d\u00e9rations Partenaires, le certificat m\u00e9dical n'est plus recevable, il faut r\u00e9aliser le Parcours Pr\u00e9vention Sant\u00e9 \"PPS\". Cela ne vous prendra que quelques minutes. Les PPS accept\u00e9s doivent dat\u00e9s de moins de 3 mois \u00e0 la date de la course (voir r\u00e8glement de l'\u00e9preuve).<\/h2>\t\t\t\t<\/div>\n\t\t\t\t<\/div>\n\t\t\t\t<div class=\"elementor-element elementor-element-fdda577 elementor-widget elementor-widget-heading\" data-id=\"fdda577\" data-element_type=\"widget\" data-e-type=\"widget\" data-widget_type=\"heading.default\">\n\t\t\t\t<div class=\"elementor-widget-container\">\n\t\t\t\t\t<h2 class=\"elementor-heading-title elementor-size-default\"><a href=\"https:\/\/pps.athle.fr\" target=\"_blank\">Acc\u00e9dez au site  web pour g\u00e9n\u00e9rer mon PPS<\/a><\/h2>\t\t\t\t<\/div>\n\t\t\t\t<\/div>\n\t\t\t\t<div class=\"elementor-element elementor-element-08a02c9 elementor-widget elementor-widget-heading\" data-id=\"08a02c9\" data-element_type=\"widget\" data-e-type=\"widget\" data-widget_type=\"heading.default\">\n\t\t\t\t<div class=\"elementor-widget-container\">\n\t\t\t\t\t<h2 class=\"elementor-heading-title elementor-size-default\"><a href=\"https:\/\/www.trailblancdusemnoz.fr\/wp-content\/uploads\/2024\/08\/TBS-2025-AUTORISATION-PARENTALE-POUR-MINEURS.pdf\" target=\"_blank\">POUR Les personnes MINEURES : autorisation parentale OBLIGATOIRE (je clique pour t\u00e9l\u00e9charger le formulaire)<\/a><\/h2>\t\t\t\t<\/div>\n\t\t\t\t<\/div>\n\t\t\t\t<div class=\"elementor-element elementor-element-e3f4b42 elementor-widget elementor-widget-heading\" data-id=\"e3f4b42\" data-element_type=\"widget\" data-e-type=\"widget\" data-widget_type=\"heading.default\">\n\t\t\t\t<div class=\"elementor-widget-container\">\n\t\t\t\t\t<h2 class=\"elementor-heading-title elementor-size-default\">Attention :\nPour les mineur(e)s non licenci\u00e9(e)s, le certificat m\u00e9dical doit obligatoirement dater de moins de 6 mois au jour de l'\u00e9preuve.\nCourse ouverte uniquement aux mineur(e)s n\u00e9(e)s en 2008<br><\/h2>\t\t\t\t<\/div>\n\t\t\t\t<\/div>\n\t\t\t\t<div class=\"elementor-element elementor-element-804d203 elementor-widget elementor-widget-heading\" data-id=\"804d203\" data-element_type=\"widget\" data-e-type=\"widget\" data-widget_type=\"heading.default\">\n\t\t\t\t<div class=\"elementor-widget-container\">\n\t\t\t\t\t<h2 class=\"elementor-heading-title elementor-size-default\"><a href=\"https:\/\/www.trailblancdusemnoz.fr\/wp-content\/uploads\/2025\/10\/TBS-2026-AUTORISATION-PARENTALE.pdf\" target=\"_blank\">T\u00e9l\u00e9charger l'autorisation Parentale 2026<\/a><\/h2>\t\t\t\t<\/div>\n\t\t\t\t<\/div>\n\t\t\t\t<div class=\"elementor-element elementor-element-df52058 elementor-widget elementor-widget-heading\" data-id=\"df52058\" data-element_type=\"widget\" data-e-type=\"widget\" data-widget_type=\"heading.default\">\n\t\t\t\t<div class=\"elementor-widget-container\">\n\t\t\t\t\t<h2 class=\"elementor-heading-title elementor-size-default\">BARRIERE HORAIRE :\nUne barri\u00e8re horaire est mise en place au km 5 du parcours \u00e0 18h40 soit \u00e0 1h10 de course. Les coureurs au-del\u00e0 de cette barri\u00e8re se verront r\u00e9orient\u00e9s sur la partie retour du parcours. Ces derniers seront automatiquement class\u00e9s apr\u00e8s le dernier coureur ayant effectu\u00e9 la totalit\u00e9 du parcours.<\/h2>\t\t\t\t<\/div>\n\t\t\t\t<\/div>\n\t\t\t\t<\/div>\n\t\t\t\t<\/div>\n\t\t\t\t<\/div>\n\t\t<div class=\"elementor-element elementor-element-3c8397f e-flex e-con-boxed e-con e-parent\" data-id=\"3c8397f\" data-element_type=\"container\" data-e-type=\"container\">\n\t\t\t\t\t<div class=\"e-con-inner\">\n\t\t\t\t<div class=\"elementor-element elementor-element-f1bc739 elementor-widget elementor-widget-spacer\" data-id=\"f1bc739\" data-element_type=\"widget\" data-e-type=\"widget\" data-widget_type=\"spacer.default\">\n\t\t\t\t<div class=\"elementor-widget-container\">\n\t\t\t\t\t\t\t<div class=\"elementor-spacer\">\n\t\t\t<div class=\"elementor-spacer-inner\"><\/div>\n\t\t<\/div>\n\t\t\t\t\t\t<\/div>\n\t\t\t\t<\/div>\n\t\t\t\t\t<\/div>\n\t\t\t\t<\/div>\n\t\t<div class=\"elementor-element elementor-element-2d61bb1 e-flex e-con-boxed e-con e-parent\" data-id=\"2d61bb1\" data-element_type=\"container\" data-e-type=\"container\">\n\t\t\t\t\t<div class=\"e-con-inner\">\n\t\t\t\t<div class=\"elementor-element elementor-element-5fcd145 elementor-align-center elementor-widget elementor-widget-button\" data-id=\"5fcd145\" data-element_type=\"widget\" data-e-type=\"widget\" data-widget_type=\"button.default\">\n\t\t\t\t<div class=\"elementor-widget-container\">\n\t\t\t\t\t\t\t\t\t<div class=\"elementor-button-wrapper\">\n\t\t\t\t\t<a class=\"elementor-button elementor-size-sm\" role=\"button\">\n\t\t\t\t\t\t<span class=\"elementor-button-content-wrapper\">\n\t\t\t\t\t\t\t\t\t<span class=\"elementor-button-text\">S'inscrire (module ferm\u00e9)<\/span>\n\t\t\t\t\t<\/span>\n\t\t\t\t\t<\/a>\n\t\t\t\t<\/div>\n\t\t\t\t\t\t\t\t<\/div>\n\t\t\t\t<\/div>\n\t\t\t\t\t<\/div>\n\t\t\t\t<\/div>\n\t\t<div class=\"elementor-element elementor-element-3d8d6b0 e-flex e-con-boxed e-con e-parent\" data-id=\"3d8d6b0\" data-element_type=\"container\" data-e-type=\"container\">\n\t\t\t\t\t<div class=\"e-con-inner\">\n\t\t\t\t<div class=\"elementor-element elementor-element-87ccc4f elementor-widget elementor-widget-spacer\" data-id=\"87ccc4f\" data-element_type=\"widget\" data-e-type=\"widget\" data-widget_type=\"spacer.default\">\n\t\t\t\t<div class=\"elementor-widget-container\">\n\t\t\t\t\t\t\t<div class=\"elementor-spacer\">\n\t\t\t<div class=\"elementor-spacer-inner\"><\/div>\n\t\t<\/div>\n\t\t\t\t\t\t<\/div>\n\t\t\t\t<\/div>\n\t\t\t\t\t<\/div>\n\t\t\t\t<\/div>\n\t\t<div class=\"elementor-element elementor-element-2258ef9 e-con-full e-flex e-con e-parent\" data-id=\"2258ef9\" data-element_type=\"container\" data-e-type=\"container\" data-settings=\"{&quot;background_background&quot;:&quot;classic&quot;}\">\n\t\t\t\t<\/div>\n\t\t<div class=\"elementor-element elementor-element-99e8cf2 e-flex e-con-boxed e-con e-parent\" data-id=\"99e8cf2\" data-element_type=\"container\" data-e-type=\"container\" data-settings=\"{&quot;background_background&quot;:&quot;classic&quot;}\">\n\t\t\t\t\t<div class=\"e-con-inner\">\n\t\t\t\t<div class=\"elementor-element elementor-element-7a95bb2 elementor-widget elementor-widget-spacer\" data-id=\"7a95bb2\" data-element_type=\"widget\" data-e-type=\"widget\" data-widget_type=\"spacer.default\">\n\t\t\t\t<div class=\"elementor-widget-container\">\n\t\t\t\t\t\t\t<div class=\"elementor-spacer\">\n\t\t\t<div class=\"elementor-spacer-inner\"><\/div>\n\t\t<\/div>\n\t\t\t\t\t\t<\/div>\n\t\t\t\t<\/div>\n\t\t\t\t<div class=\"elementor-element elementor-element-a6e43f8 elementor-widget elementor-widget-theme-site-logo elementor-widget-image\" data-id=\"a6e43f8\" data-element_type=\"widget\" data-e-type=\"widget\" data-widget_type=\"theme-site-logo.default\">\n\t\t\t\t<div class=\"elementor-widget-container\">\n\t\t\t\t\t\t\t\t\t\t\t<a href=\"https:\/\/www.trailblancdusemnoz.fr\">\n\t\t\t<img fetchpriority=\"high\" decoding=\"async\" width=\"768\" height=\"326\" src=\"https:\/\/www.trailblancdusemnoz.fr\/wp-content\/uploads\/2023\/09\/cropped-LOGO_TBS-768x326-1.png\" class=\"attachment-full size-full wp-image-18\" alt=\"\" srcset=\"https:\/\/www.trailblancdusemnoz.fr\/wp-content\/uploads\/2023\/09\/cropped-LOGO_TBS-768x326-1.png 768w, https:\/\/www.trailblancdusemnoz.fr\/wp-content\/uploads\/2023\/09\/cropped-LOGO_TBS-768x326-1-300x127.png 300w\" sizes=\"(max-width: 768px) 100vw, 768px\" \/>\t\t\t\t<\/a>\n\t\t\t\t\t\t\t\t\t\t\t<\/div>\n\t\t\t\t<\/div>\n\t\t\t\t<div class=\"elementor-element elementor-element-aaea2a9 elementor-widget elementor-widget-spacer\" data-id=\"aaea2a9\" data-element_type=\"widget\" data-e-type=\"widget\" data-widget_type=\"spacer.default\">\n\t\t\t\t<div class=\"elementor-widget-container\">\n\t\t\t\t\t\t\t<div class=\"elementor-spacer\">\n\t\t\t<div class=\"elementor-spacer-inner\"><\/div>\n\t\t<\/div>\n\t\t\t\t\t\t<\/div>\n\t\t\t\t<\/div>\n\t\t\t\t<div class=\"elementor-element elementor-element-ef16084 elementor-widget elementor-widget-heading\" data-id=\"ef16084\" data-element_type=\"widget\" data-e-type=\"widget\" data-widget_type=\"heading.default\">\n\t\t\t\t<div class=\"elementor-widget-container\">\n\t\t\t\t\t<h2 class=\"elementor-heading-title elementor-size-default\"><a href=\"mailto:trailblancdusemnoz@gmail.com\">trailblancdusemnoz@gmail.com<\/a><\/h2>\t\t\t\t<\/div>\n\t\t\t\t<\/div>\n\t\t\t\t<div class=\"elementor-element elementor-element-7a7ab01 elementor-widget elementor-widget-image\" data-id=\"7a7ab01\" data-element_type=\"widget\" data-e-type=\"widget\" data-widget_type=\"image.default\">\n\t\t\t\t<div class=\"elementor-widget-container\">\n\t\t\t\t\t\t\t\t\t\t\t\t\t\t\t<img decoding=\"async\" src=\"https:\/\/www.trailblancdusemnoz.fr\/wp-content\/uploads\/2023\/09\/Logo-ASPTT-ANNECY-ATHLETISME-blanc.jpg\" class=\"attachment-full size-full wp-image-93\" alt=\"\" \/>\t\t\t\t\t\t\t\t\t\t\t\t\t\t\t<\/div>\n\t\t\t\t<\/div>\n\t\t\t\t<div class=\"elementor-element elementor-element-87447ba elementor-widget elementor-widget-spacer\" data-id=\"87447ba\" data-element_type=\"widget\" data-e-type=\"widget\" data-widget_type=\"spacer.default\">\n\t\t\t\t<div class=\"elementor-widget-container\">\n\t\t\t\t\t\t\t<div class=\"elementor-spacer\">\n\t\t\t<div class=\"elementor-spacer-inner\"><\/div>\n\t\t<\/div>\n\t\t\t\t\t\t<\/div>\n\t\t\t\t<\/div>\n\t\t\t\t\t<\/div>\n\t\t\t\t<\/div>\n\t\t<div class=\"elementor-element elementor-element-eb7f2fe e-flex e-con-boxed e-con e-parent\" data-id=\"eb7f2fe\" data-element_type=\"container\" data-e-type=\"container\" data-settings=\"{&quot;background_background&quot;:&quot;classic&quot;}\">\n\t\t\t\t\t<div class=\"e-con-inner\">\n\t\t\t\t<div class=\"elementor-element elementor-element-0043682 elementor-shape-rounded elementor-grid-0 e-grid-align-center elementor-widget elementor-widget-social-icons\" data-id=\"0043682\" data-element_type=\"widget\" data-e-type=\"widget\" data-widget_type=\"social-icons.default\">\n\t\t\t\t<div class=\"elementor-widget-container\">\n\t\t\t\t\t\t\t<div class=\"elementor-social-icons-wrapper elementor-grid\">\n\t\t\t\t\t\t\t<span class=\"elementor-grid-item\">\n\t\t\t\t\t<a class=\"elementor-icon elementor-social-icon elementor-social-icon-facebook elementor-repeater-item-38948b8\" target=\"_blank\">\n\t\t\t\t\t\t<span class=\"elementor-screen-only\">Facebook<\/span>\n\t\t\t\t\t\t<i aria-hidden=\"true\" class=\"fab fa-facebook\"><\/i>\t\t\t\t\t<\/a>\n\t\t\t\t<\/span>\n\t\t\t\t\t<\/div>\n\t\t\t\t\t\t<\/div>\n\t\t\t\t<\/div>\n\t\t\t\t\t<\/div>\n\t\t\t\t<\/div>\n\t\t<div class=\"elementor-element elementor-element-08d9c4c e-flex e-con-boxed e-con e-parent\" data-id=\"08d9c4c\" data-element_type=\"container\" data-e-type=\"container\">\n\t\t\t\t\t<div class=\"e-con-inner\">\n\t\t\t\t\t<\/div>\n\t\t\t\t<\/div>\n\t\t\t\t<\/div>\n\t\t","protected":false},"excerpt":{"rendered":"<p>INSCRIPTIONS Ouverture des inscriptions au 1er d\u00e9cembre 2025 \u00e0 0h00 Course COMPLETE (1000 coureurs) Cl\u00f4ture des dossiers le dimanche 25 janvier 2026 \u00e0 minuit Co\u00fbts d&rsquo;inscriptions 2026 Dossard sans lot coureur : 18\u20ac + 1,15\u20ac de frais de plate-forme d&rsquo;inscription Dossard avec lot coureur :21,5\u20ac + 1,24\u20ac de frais de plate-forme d&rsquo;inscription Lot coureur -&gt; [&hellip;]<\/p>\n","protected":false},"author":3,"featured_media":18,"parent":0,"menu_order":0,"comment_status":"closed","ping_status":"closed","template":"elementor_canvas","meta":{"footnotes":""},"class_list":["post-118","page","type-page","status-publish","has-post-thumbnail","hentry"],"blocksy_meta":[],"jetpack_sharing_enabled":true,"featured_media_urls":{"thumbnail":["https:\/\/www.trailblancdusemnoz.fr\/wp-content\/uploads\/2023\/09\/cropped-LOGO_TBS-768x326-1-150x150.png",150,150,true],"medium":["https:\/\/www.trailblancdusemnoz.fr\/wp-content\/uploads\/2023\/09\/cropped-LOGO_TBS-768x326-1-300x127.png",300,127,true],"medium_large":["https:\/\/www.trailblancdusemnoz.fr\/wp-content\/uploads\/2023\/09\/cropped-LOGO_TBS-768x326-1.png",768,326,false],"large":["https:\/\/www.trailblancdusemnoz.fr\/wp-content\/uploads\/2023\/09\/cropped-LOGO_TBS-768x326-1.png",768,326,false],"1536x1536":["https:\/\/www.trailblancdusemnoz.fr\/wp-content\/uploads\/2023\/09\/cropped-LOGO_TBS-768x326-1.png",768,326,false],"2048x2048":["https:\/\/www.trailblancdusemnoz.fr\/wp-content\/uploads\/2023\/09\/cropped-LOGO_TBS-768x326-1.png",768,326,false],"portfolio_item-thumbnail":["https:\/\/www.trailblancdusemnoz.fr\/wp-content\/uploads\/2023\/09\/cropped-LOGO_TBS-768x326-1.png",600,255,false],"portfolio_item-thumbnail@2x":["https:\/\/www.trailblancdusemnoz.fr\/wp-content\/uploads\/2023\/09\/cropped-LOGO_TBS-768x326-1.png",768,326,false],"portfolio_item-masonry":["https:\/\/www.trailblancdusemnoz.fr\/wp-content\/uploads\/2023\/09\/cropped-LOGO_TBS-768x326-1.png",600,255,false],"portfolio_item-masonry@2x":["https:\/\/www.trailblancdusemnoz.fr\/wp-content\/uploads\/2023\/09\/cropped-LOGO_TBS-768x326-1.png",768,326,false],"portfolio_item-thumbnail_cinema":["https:\/\/www.trailblancdusemnoz.fr\/wp-content\/uploads\/2023\/09\/cropped-LOGO_TBS-768x326-1.png",768,326,false],"portfolio_item-thumbnail_portrait":["https:\/\/www.trailblancdusemnoz.fr\/wp-content\/uploads\/2023\/09\/cropped-LOGO_TBS-768x326-1.png",600,255,false],"portfolio_item-thumbnail_portrait@2x":["https:\/\/www.trailblancdusemnoz.fr\/wp-content\/uploads\/2023\/09\/cropped-LOGO_TBS-768x326-1.png",768,326,false],"portfolio_item-thumbnail_square":["https:\/\/www.trailblancdusemnoz.fr\/wp-content\/uploads\/2023\/09\/cropped-LOGO_TBS-768x326-1.png",768,326,false]},"_links":{"self":[{"href":"https:\/\/www.trailblancdusemnoz.fr\/index.php\/wp-json\/wp\/v2\/pages\/118","targetHints":{"allow":["GET"]}}],"collection":[{"href":"https:\/\/www.trailblancdusemnoz.fr\/index.php\/wp-json\/wp\/v2\/pages"}],"about":[{"href":"https:\/\/www.trailblancdusemnoz.fr\/index.php\/wp-json\/wp\/v2\/types\/page"}],"author":[{"embeddable":true,"href":"https:\/\/www.trailblancdusemnoz.fr\/index.php\/wp-json\/wp\/v2\/users\/3"}],"replies":[{"embeddable":true,"href":"https:\/\/www.trailblancdusemnoz.fr\/index.php\/wp-json\/wp\/v2\/comments?post=118"}],"version-history":[{"count":208,"href":"https:\/\/www.trailblancdusemnoz.fr\/index.php\/wp-json\/wp\/v2\/pages\/118\/revisions"}],"predecessor-version":[{"id":1096,"href":"https:\/\/www.trailblancdusemnoz.fr\/index.php\/wp-json\/wp\/v2\/pages\/118\/revisions\/1096"}],"wp:featuredmedia":[{"embeddable":true,"href":"https:\/\/www.trailblancdusemnoz.fr\/index.php\/wp-json\/wp\/v2\/media\/18"}],"wp:attachment":[{"href":"https:\/\/www.trailblancdusemnoz.fr\/index.php\/wp-json\/wp\/v2\/media?parent=118"}],"curies":[{"name":"wp","href":"https:\/\/api.w.org\/{rel}","templated":true}]}}